{"id":1574,"date":"2026-02-01T13:55:38","date_gmt":"2026-02-01T12:55:38","guid":{"rendered":"https:\/\/christuskirche-gauting.de\/unsere-kirche\/?page_id=1574"},"modified":"2026-02-28T23:28:55","modified_gmt":"2026-02-28T22:28:55","slug":"glocken","status":"publish","type":"page","link":"https:\/\/christuskirche-gauting.de\/unsere-kirche\/kirchengebaeude\/glocken\/","title":{"rendered":"Die Glocken"},"content":{"rendered":"\t\t<div data-elementor-type=\"wp-page\" data-elementor-id=\"1574\" class=\"elementor elementor-1574\">\n\t\t\t\t\t\t<section class=\"elementor-section elementor-top-section elementor-element elementor-element-5f58ecec ct-section-stretched elementor-section-boxed elementor-section-height-default elementor-section-height-default wpr-particle-no wpr-jarallax-no wpr-parallax-no wpr-sticky-section-no\" data-id=\"5f58ecec\" data-element_type=\"section\" data-e-type=\"section\" data-settings=\"{&quot;background_background&quot;:&quot;classic&quot;}\">\n\t\t\t\t\t\t\t<div class=\"elementor-background-overlay\"><\/div>\n\t\t\t\t\t\t\t<div class=\"elementor-container elementor-column-gap-default\">\n\t\t\t\t\t<div class=\"elementor-column elementor-col-100 elementor-top-column elementor-element elementor-element-38199909\" data-id=\"38199909\" data-element_type=\"column\" data-e-type=\"column\">\n\t\t\t<div class=\"elementor-widget-wrap elementor-element-populated\">\n\t\t\t\t\t\t<div class=\"elementor-element elementor-element-4a01d2aa elementor-widget elementor-widget-heading\" data-id=\"4a01d2aa\" data-element_type=\"widget\" data-e-type=\"widget\" data-widget_type=\"heading.default\">\n\t\t\t\t\t<h2 class=\"elementor-heading-title elementor-size-default\">Die Glocken<\/h2>\t\t\t\t<\/div>\n\t\t\t\t<div class=\"elementor-element elementor-element-7ddbe280 elementor-widget__width-initial elementor-widget-tablet__width-inherit elementor-widget elementor-widget-text-editor\" data-id=\"7ddbe280\" data-element_type=\"widget\" data-e-type=\"widget\" data-widget_type=\"text-editor.default\">\n\t\t\t\t\t\t\t\t\t<p>Bei der Einweihung unserer Kirche im Jahre 1928 bestand das Gel\u00e4ut im Glockenturm aus drei Glocken. Der Mangel an Metall w\u00e4hrend des Krieges f\u00fchrte dazu, da\u00df auch die Glocken vieler Kirchen zweckentfremdet und umgeschmolzen wurden. Aus dem Metall der Glocken wurde Metall f\u00fcr Kanonen. So geschah es auch mit der gro\u00dfen und der kleinen Glocke unserer Kirche, nur die mittlere blieb \u00fcbrig.<\/p>\t\t\t\t\t\t\t\t<\/div>\n\t\t\t\t\t<\/div>\n\t\t<\/div>\n\t\t\t\t\t<\/div>\n\t\t<\/section>\n\t\t<div class=\"elementor-element elementor-element-1673315 e-flex e-con-boxed wpr-particle-no wpr-jarallax-no wpr-parallax-no wpr-sticky-section-no e-con e-parent\" data-id=\"1673315\" data-element_type=\"container\" data-e-type=\"container\">\n\t\t\t\t\t<div class=\"e-con-inner\">\n\t\t\t\t<div class=\"elementor-element elementor-element-fadbe55 elementor-widget elementor-widget-spacer\" data-id=\"fadbe55\" data-element_type=\"widget\" data-e-type=\"widget\" data-widget_type=\"spacer.default\">\n\t\t\t\t\t\t\t<div class=\"elementor-spacer\">\n\t\t\t<div class=\"elementor-spacer-inner\"><\/div>\n\t\t<\/div>\n\t\t\t\t\t\t<\/div>\n\t\t\t\t<div class=\"elementor-element elementor-element-cbfc7cf elementor-widget elementor-widget-text-editor\" data-id=\"cbfc7cf\" data-element_type=\"widget\" data-e-type=\"widget\" data-widget_type=\"text-editor.default\">\n\t\t\t\t\t\t\t\t\t<p>Nach dem Krieg gelang es, aus dem Hamburger Glockenlager zwei Glocken aus Schlesien, die nicht mehr zu Waffen umgeschmolzen wurden, f\u00fcr unsere Kirche zu bekommen. Sie wurden \u00fcberholt und mit der noch vorhandenen Glocke abgestimmt. Die Weihe des wieder vollst\u00e4ndigen neuen Gel\u00e4uts war im Mai 1952.<\/p>\t\t\t\t\t\t\t\t<\/div>\n\t\t\t\t<div class=\"elementor-element elementor-element-938024f elementor-widget elementor-widget-slide-compact-player\" data-id=\"938024f\" data-element_type=\"widget\" data-e-type=\"widget\" data-widget_type=\"slide-compact-player.default\">\n\t\t\t\t<div class=\"elementor-widget-container\">\n\t\t\t\t\t\r\n\t\t<div class=\"swp_music_player compact-player\" id=\"mpfe_69ff2fb68ac39\" data-autoplay=\"no\" data-playmode=\"repeat\" data-stopplaylistend=\"yes\" data-stopsongend=\"yes\" data-repeatmode=\"unset\" data-pfs=\"no\">\r\n\t\t\t<div class=\"swp-compact-player\">\r\n\t\t\t\t<div class=\"swp-compact-cover\">\r\n\t\t\t\t\t<div class=\"swp-compact-cover-container\"><\/div>\r\n\t\t\t\t\t<div class=\"compact-cover-overlay album_left_overlay lc_swp_overlay\"><\/div>\r\n\t\t\t\t<\/div>\r\n\r\n\t\t\t\t<div class=\"swp-compact-player-info\">\r\n\t\t\t\t\t<div class=\"compact-info-overlay album_right_overlay lc_swp_overlay\"><\/div>\r\n\t\t\t\t\t<div class=\"compact-info-content\">\r\n\t\t\t\t\t\t<div class=\"compact-info-top mpfe_clearfix\">\r\n\t\t\t\t\t\t\t<div class=\"compact-song-details\">\r\n\t\t\t\t\t\t\t\t<div class=\"current_song_name compact-song-name\"><\/div>\r\n\t\t\t\t\t\t\t\t<div class=\"current_album_name compact-album-name\"><\/div>\r\n\t\t\t\t\t\t\t<\/div>\r\n\t\t\t\t\t\t\t<div class=\"compact-play-pause\">\r\n\t\t\t\t\t\t\t\t<span class=\"compact-play-container \">\r\n\t\t\t\t\t\t\t\t\t<i class=\"fas fa-play player_play compact_play compact-playpause\"><\/i>\r\n\t\t\t\t\t\t\t\t<\/span>\r\n\t\t\t\t\t\t\t\t<span class=\"compact-pause-container\">\r\n\t\t\t\t\t\t\t\t\t<i class=\"fas fa-pause player_pause compact_pause compact-playpause display_none\"><\/i>\r\n\t\t\t\t\t\t\t\t<\/span>\r\n\t\t\t\t\t\t\t<\/div>\r\n\t\t\t\t\t\t<\/div>\r\n\r\n\t\t\t\t\t\t<div class=\"smc_player_progress_bar compact-progress-bar\">\r\n\t\t\t\t\t\t\t<div class=\"player_time_slider_base compact-player-slider-base ltr_direction\"><\/div>\r\n\t\t\t\t\t\t\t<div class=\"player_time_slider compact-player-slider\"><\/div>\r\n\t\t\t\t\t\t<\/div>\r\n\r\n\t\t\t\t\t\t<div class=\"compact-info-bottom mpfe_clearfix\">\r\n\t\t\t\t\t\t\t<div class=\"compact-timeline\">\r\n\t\t\t\t\t\t\t\t<span class=\"song_current_progress compact_current_progress\">0:00<\/span>\r\n\t\t\t\t\t\t\t\t<span class=\"player_duration_sep compact_duration_sep\">&#47;<\/span>\r\n\t\t\t\t\t\t\t\t<span class=\"song_duration compact_song_duration\">0:00<\/span>\r\n\t\t\t\t\t\t\t<\/div>\r\n\r\n\t\t\t\t\t\t\t\r\n\t\t\t\t\t\t\t<div class=\"compact-controls\">\r\n\t\t\t\t\t\t\t\t\r\n\t\t\t\t\t\t\t\t\t\t\t\t\t\t\t\t\t\t\t\t\t\t\t\t<i class=\"fas fa-step-backward mpfe-compact-bottom-player-icon\"><\/i>\r\n\t\t\t\t\t\t\t\t<i class=\"fas fa-step-forward mpfe-compact-bottom-player-icon\"><\/i>\r\n\t\t\t\t\t\t\t\t\t\t\t\t\t\t\t\t\t\t\t\t\t\t\t\t\r\n\r\n\r\n\t\t\t\t\t\t\t\t\t\t\t\t\t\t\t<\/div>\r\n\t\t\t\t\t\t<\/div>\r\n\t\t\t\t\t<\/div>\r\n\t\t\t\t<\/div>\r\n\t\t\t<\/div>\r\n\r\n\t\t\t\r\n\t\t\t<div class=\"swp-compact-playlist swp-playlist-under\">\r\n\t\t\t\t\t\t\t\t<div class=\"swp-compact-playlist-inner-container swp-playlist-under-inner-container\">\r\n\t\t\t\t\t<div class=\"swp-compact-playlist-inner\">\r\n\t\t\t\t\t\t\t<div class=\"swp_music_player_entry compact-player-entry mpfe_clearfix\" data-mediafile=\"https:\/\/christuskirche-gauting.de\/unsere-kirche\/wp-content\/uploads\/2026\/02\/kleine-glocke.mp3\">\r\n\t\t\t<span class=\"swp_song_details player_entry_left compact_player_entry_left\">\r\n\t\t\t\t<span class=\"play_icon compact_player_playlist_under_play\">\r\n\t\t\t\t\t<i class=\"fas fa-play before_song compact_bs compact_bs_play\"><\/i>\r\n\t\t\t\t\t<i class=\"fas fa-pause before_song compact_bs compact_bs_pause display_none\"><\/i>\r\n\t\t\t\t<\/span>\r\n\t\t\t\t<span class=\"player_song_name transition3\" data-albumname=\"Taufglocke - Guss 1952 - Stimmung es&quot;\">\r\n\t\t\t\t\tKleine Glocke\t\t\t\t<\/span>\r\n\t\t\t\t\t\t\t<\/span>\r\n\r\n\t\t\t<span class=\"entry_duration mpfe_fix_lh\"><\/span>\t\t\r\n\r\n\t\t\t<span class=\"song_buy_icons compact_buy_icons transition3 mpfe_clearfix mobile_visibility_hide\">\r\n\t\t\t\t\t\t\t\t\t\t\t\t\t\t\t\t\t\t\t<\/span>\r\n\r\n\t\t\t\t\t<\/div>\r\n\r\n\t\t\t\t<div class=\"swp_music_player_entry compact-player-entry mpfe_clearfix\" data-mediafile=\"https:\/\/christuskirche-gauting.de\/unsere-kirche\/wp-content\/uploads\/2026\/02\/mittlere-glocke.mp3\">\r\n\t\t\t<span class=\"swp_song_details player_entry_left compact_player_entry_left\">\r\n\t\t\t\t<span class=\"play_icon compact_player_playlist_under_play\">\r\n\t\t\t\t\t<i class=\"fas fa-play before_song compact_bs compact_bs_play\"><\/i>\r\n\t\t\t\t\t<i class=\"fas fa-pause before_song compact_bs compact_bs_pause display_none\"><\/i>\r\n\t\t\t\t<\/span>\r\n\t\t\t\t<span class=\"player_song_name transition3\" data-albumname=\"Gebets- und Trauungsglocke - Guss 1928 - Stimmung c&quot;\">\r\n\t\t\t\t\tMittlere Glocke\t\t\t\t<\/span>\r\n\t\t\t\t\t\t\t<\/span>\r\n\r\n\t\t\t<span class=\"entry_duration mpfe_fix_lh\"><\/span>\t\t\r\n\r\n\t\t\t<span class=\"song_buy_icons compact_buy_icons transition3 mpfe_clearfix mobile_visibility_hide\">\r\n\t\t\t\t\t\t\t\t\t\t\t\t\t\t\t\t\t\t\t<\/span>\r\n\r\n\t\t\t\t\t<\/div>\r\n\r\n\t\t\t\t<div class=\"swp_music_player_entry compact-player-entry mpfe_clearfix\" data-mediafile=\"https:\/\/christuskirche-gauting.de\/unsere-kirche\/wp-content\/uploads\/2026\/02\/grosse-glocke.mp3\">\r\n\t\t\t<span class=\"swp_song_details player_entry_left compact_player_entry_left\">\r\n\t\t\t\t<span class=\"play_icon compact_player_playlist_under_play\">\r\n\t\t\t\t\t<i class=\"fas fa-play before_song compact_bs compact_bs_play\"><\/i>\r\n\t\t\t\t\t<i class=\"fas fa-pause before_song compact_bs compact_bs_pause display_none\"><\/i>\r\n\t\t\t\t<\/span>\r\n\t\t\t\t<span class=\"player_song_name transition3\" data-albumname=\"Sterbeglocke - Guss 1781 - Stimmung b&#039;\">\r\n\t\t\t\t\tGro\u00dfe Glocke\t\t\t\t<\/span>\r\n\t\t\t\t\t\t\t<\/span>\r\n\r\n\t\t\t<span class=\"entry_duration mpfe_fix_lh\"><\/span>\t\t\r\n\r\n\t\t\t<span class=\"song_buy_icons compact_buy_icons transition3 mpfe_clearfix mobile_visibility_hide\">\r\n\t\t\t\t\t\t\t\t\t\t\t\t\t\t\t\t\t\t\t<\/span>\r\n\r\n\t\t\t\t\t<\/div>\r\n\r\n\t\t\t\t<div class=\"swp_music_player_entry compact-player-entry mpfe_clearfix\" data-mediafile=\"https:\/\/christuskirche-gauting.de\/unsere-kirche\/wp-content\/uploads\/2026\/02\/grosses-gelauet.mp3\">\r\n\t\t\t<span class=\"swp_song_details player_entry_left compact_player_entry_left\">\r\n\t\t\t\t<span class=\"play_icon compact_player_playlist_under_play\">\r\n\t\t\t\t\t<i class=\"fas fa-play before_song compact_bs compact_bs_play\"><\/i>\r\n\t\t\t\t\t<i class=\"fas fa-pause before_song compact_bs compact_bs_pause display_none\"><\/i>\r\n\t\t\t\t<\/span>\r\n\t\t\t\t<span class=\"player_song_name transition3\" data-albumname=\"Alle drei Glocken gemeinsam\">\r\n\t\t\t\t\tGro\u00dfes Gel\u00e4ut\t\t\t\t<\/span>\r\n\t\t\t\t\t\t\t<\/span>\r\n\r\n\t\t\t<span class=\"entry_duration mpfe_fix_lh\"><\/span>\t\t\r\n\r\n\t\t\t<span class=\"song_buy_icons compact_buy_icons transition3 mpfe_clearfix mobile_visibility_hide\">\r\n\t\t\t\t\t\t\t\t\t\t\t\t\t\t\t\t\t\t\t<\/span>\r\n\r\n\t\t\t\t\t<\/div>\r\n\r\n\t\t\t\t\t\t\t<\/div>\r\n\t\t\t\t<\/div>\r\n\t\t\t<\/div>\r\n\t\t<\/div>\r\n\r\n\t\t\t\t\t\t<\/div>\n\t\t\t\t<\/div>\n\t\t\t\t<div class=\"elementor-element elementor-element-ebf1965 elementor-widget-divider--view-line elementor-widget elementor-widget-divider\" data-id=\"ebf1965\" data-element_type=\"widget\" data-e-type=\"widget\" data-widget_type=\"divider.default\">\n\t\t\t\t\t\t\t<div class=\"elementor-divider\">\n\t\t\t<span class=\"elementor-divider-separator\">\n\t\t\t\t\t\t<\/span>\n\t\t<\/div>\n\t\t\t\t\t\t<\/div>\n\t\t\t\t<div class=\"elementor-element elementor-element-28630f0 elementor-widget elementor-widget-text-editor\" data-id=\"28630f0\" data-element_type=\"widget\" data-e-type=\"widget\" data-widget_type=\"text-editor.default\">\n\t\t\t\t\t\t\t\t\t<p><strong>\u00dcbrigens:<\/strong> Wenn Sie unsere Glocken h\u00f6ren \u2013 wir haben kein elektrisches L\u00e4utwerk. Wir brauchen immer eine kundige Person, die die Seilz\u00fcge der Glocken bet\u00e4tigt. Gel\u00e4utet wird vorwiegend aus sakralen Anl\u00e4ssen und zum Abendgebet.<\/p><p>Das &#8222;12 Uhr-L\u00e4uten&#8220; h\u00f6ren wir von unserer katholischen Schwesterkirche. Auch das ist \u00d6kumene.<\/p>\t\t\t\t\t\t\t\t<\/div>\n\t\t\t\t<div class=\"elementor-element elementor-element-e0bc133 elementor-widget elementor-widget-image\" data-id=\"e0bc133\" data-element_type=\"widget\" data-e-type=\"widget\" data-widget_type=\"image.default\">\n\t\t\t\t\t\t\t\t\t\t\t\t<figure class=\"wp-caption\">\n\t\t\t\t\t\t\t\t\t\t<img fetchpriority=\"high\" decoding=\"async\" width=\"1536\" height=\"400\" src=\"https:\/\/christuskirche-gauting.de\/unsere-kirche\/wp-content\/uploads\/2026\/02\/kirche_glocken-einweihung-1536x400.jpg\" class=\"attachment-1536x1536 size-1536x1536 wp-image-1835\" alt=\"\" srcset=\"https:\/\/christuskirche-gauting.de\/unsere-kirche\/wp-content\/uploads\/2026\/02\/kirche_glocken-einweihung-1536x400.jpg 1536w, https:\/\/christuskirche-gauting.de\/unsere-kirche\/wp-content\/uploads\/2026\/02\/kirche_glocken-einweihung-300x78.jpg 300w, https:\/\/christuskirche-gauting.de\/unsere-kirche\/wp-content\/uploads\/2026\/02\/kirche_glocken-einweihung-1024x267.jpg 1024w, https:\/\/christuskirche-gauting.de\/unsere-kirche\/wp-content\/uploads\/2026\/02\/kirche_glocken-einweihung-768x200.jpg 768w, https:\/\/christuskirche-gauting.de\/unsere-kirche\/wp-content\/uploads\/2026\/02\/kirche_glocken-einweihung-2048x533.jpg 2048w\" sizes=\"(max-width: 1536px) 100vw, 1536px\" \/>\t\t\t\t\t\t\t\t\t\t\t<figcaption class=\"widget-image-caption wp-caption-text\">Einweihung der renovierten Glocken im Jahr 2013<\/figcaption>\n\t\t\t\t\t\t\t\t\t\t<\/figure>\n\t\t\t\t\t\t\t\t\t<\/div>\n\t\t\t\t\t<\/div>\n\t\t\t\t<\/div>\n\t\t\t\t<\/div>\n\t\t","protected":false},"excerpt":{"rendered":"<p>Die Glocken Bei der Einweihung unserer Kirche im Jahre 1928 bestand das Gel\u00e4ut im Glockenturm aus drei Glocken. Der Mangel an Metall w\u00e4hrend des Krieges f\u00fchrte dazu, da\u00df auch die Glocken vieler Kirchen zweckentfremdet und umgeschmolzen wurden. Aus dem Metall der Glocken wurde Metall f\u00fcr Kanonen. So geschah es auch mit der gro\u00dfen und der kleinen Glocke unserer Kirche, nur die mittlere blieb \u00fcbrig. Nach dem Krieg gelang es, aus dem Hamburger Glockenlager zwei Glocken aus Schlesien, die nicht mehr zu Waffen umgeschmolzen wurden, f\u00fcr unsere Kirche zu bekommen. Sie wurden \u00fcberholt und mit der noch vorhandenen Glocke abgestimmt. Die Weihe des wieder vollst\u00e4ndigen neuen Gel\u00e4uts war im Mai 1952. 0:00 &#47; 0:00 Kleine Glocke Mittlere Glocke Gro\u00dfe Glocke Gro\u00dfes Gel\u00e4ut \u00dcbrigens: Wenn Sie unsere Glocken h\u00f6ren \u2013 wir haben kein elektrisches L\u00e4utwerk. Wir brauchen immer eine kundige Person, die die Seilz\u00fcge der Glocken bet\u00e4tigt. Gel\u00e4utet wird vorwiegend aus sakralen Anl\u00e4ssen und zum Abendgebet. Das &#8222;12 Uhr-L\u00e4uten&#8220; h\u00f6ren wir von unserer katholischen Schwesterkirche. Auch das ist \u00d6kumene. Einweihung der renovierten Glocken im Jahr 2013<\/p>\n","protected":false},"author":1,"featured_media":0,"parent":1814,"menu_order":0,"comment_status":"closed","ping_status":"closed","template":"elementor_header_footer","meta":{"footnotes":""},"class_list":["post-1574","page","type-page","status-publish","hentry"],"blocksy_meta":[],"_links":{"self":[{"href":"https:\/\/christuskirche-gauting.de\/unsere-kirche\/wp-json\/wp\/v2\/pages\/1574","targetHints":{"allow":["GET"]}}],"collection":[{"href":"https:\/\/christuskirche-gauting.de\/unsere-kirche\/wp-json\/wp\/v2\/pages"}],"about":[{"href":"https:\/\/christuskirche-gauting.de\/unsere-kirche\/wp-json\/wp\/v2\/types\/page"}],"author":[{"embeddable":true,"href":"https:\/\/christuskirche-gauting.de\/unsere-kirche\/wp-json\/wp\/v2\/users\/1"}],"replies":[{"embeddable":true,"href":"https:\/\/christuskirche-gauting.de\/unsere-kirche\/wp-json\/wp\/v2\/comments?post=1574"}],"version-history":[{"count":69,"href":"https:\/\/christuskirche-gauting.de\/unsere-kirche\/wp-json\/wp\/v2\/pages\/1574\/revisions"}],"predecessor-version":[{"id":1860,"href":"https:\/\/christuskirche-gauting.de\/unsere-kirche\/wp-json\/wp\/v2\/pages\/1574\/revisions\/1860"}],"up":[{"embeddable":true,"href":"https:\/\/christuskirche-gauting.de\/unsere-kirche\/wp-json\/wp\/v2\/pages\/1814"}],"wp:attachment":[{"href":"https:\/\/christuskirche-gauting.de\/unsere-kirche\/wp-json\/wp\/v2\/media?parent=1574"}],"curies":[{"name":"wp","href":"https:\/\/api.w.org\/{rel}","templated":true}]}}