{"id":1862,"date":"2026-02-01T13:55:38","date_gmt":"2026-02-01T12:55:38","guid":{"rendered":"https:\/\/christuskirche-gauting.de\/unsere-kirche\/?page_id=1862"},"modified":"2026-03-01T12:58:39","modified_gmt":"2026-03-01T11:58:39","slug":"orgel","status":"publish","type":"page","link":"https:\/\/christuskirche-gauting.de\/unsere-kirche\/kirchengebaeude\/orgel\/","title":{"rendered":"Die Orgel"},"content":{"rendered":"\t\t<div data-elementor-type=\"wp-page\" data-elementor-id=\"1862\" class=\"elementor elementor-1862\">\n\t\t\t\t\t\t<section class=\"elementor-section elementor-top-section elementor-element elementor-element-5f58ecec ct-section-stretched elementor-section-boxed elementor-section-height-default elementor-section-height-default wpr-particle-no wpr-jarallax-no wpr-parallax-no wpr-sticky-section-no\" data-id=\"5f58ecec\" data-element_type=\"section\" data-e-type=\"section\" data-settings=\"{&quot;background_background&quot;:&quot;classic&quot;}\">\n\t\t\t\t\t\t\t<div class=\"elementor-background-overlay\"><\/div>\n\t\t\t\t\t\t\t<div class=\"elementor-container elementor-column-gap-default\">\n\t\t\t\t\t<div class=\"elementor-column elementor-col-100 elementor-top-column elementor-element elementor-element-38199909\" data-id=\"38199909\" data-element_type=\"column\" data-e-type=\"column\">\n\t\t\t<div class=\"elementor-widget-wrap elementor-element-populated\">\n\t\t\t\t\t\t<div class=\"elementor-element elementor-element-4a01d2aa elementor-widget elementor-widget-heading\" data-id=\"4a01d2aa\" data-element_type=\"widget\" data-e-type=\"widget\" data-widget_type=\"heading.default\">\n\t\t\t\t\t<h2 class=\"elementor-heading-title elementor-size-default\">Die Orgel<\/h2>\t\t\t\t<\/div>\n\t\t\t\t<div class=\"elementor-element elementor-element-7ddbe280 elementor-widget__width-initial elementor-widget-tablet__width-inherit elementor-widget elementor-widget-text-editor\" data-id=\"7ddbe280\" data-element_type=\"widget\" data-e-type=\"widget\" data-widget_type=\"text-editor.default\">\n\t\t\t\t\t\t\t\t\t<p>Im Zuge der Kirchenrenovierung (neue Heizung zur Wandtemperierung, Umgestaltungen im Kirchenraum, Abschluss im Jahr 2005) erfolgte auch der Einbau einer neuen Orgel.<\/p><p>Die Orgel stammt aus der w\u00fcrttembergischen Orgelbauwerkst\u00e4tte von Gerhard und Markus Lenter. Das Instrument wurde Weihnachten 2005 in einem Festgottesdienst geweiht.<\/p>\t\t\t\t\t\t\t\t<\/div>\n\t\t\t\t\t<\/div>\n\t\t<\/div>\n\t\t\t\t\t<\/div>\n\t\t<\/section>\n\t\t<div class=\"elementor-element elementor-element-1673315 e-flex e-con-boxed wpr-particle-no wpr-jarallax-no wpr-parallax-no wpr-sticky-section-no e-con e-parent\" data-id=\"1673315\" data-element_type=\"container\" data-e-type=\"container\">\n\t\t\t\t\t<div class=\"e-con-inner\">\n\t\t\t\t<div class=\"elementor-element elementor-element-fadbe55 elementor-widget elementor-widget-spacer\" data-id=\"fadbe55\" data-element_type=\"widget\" data-e-type=\"widget\" data-widget_type=\"spacer.default\">\n\t\t\t\t\t\t\t<div class=\"elementor-spacer\">\n\t\t\t<div class=\"elementor-spacer-inner\"><\/div>\n\t\t<\/div>\n\t\t\t\t\t\t<\/div>\n\t\t\t\t<div class=\"elementor-element elementor-element-cbfc7cf elementor-widget elementor-widget-text-editor\" data-id=\"cbfc7cf\" data-element_type=\"widget\" data-e-type=\"widget\" data-widget_type=\"text-editor.default\">\n\t\t\t\t\t\t\t\t\t<p>Auf Grund der vorhandenen Raumsymmetrie sind die beiden Manualwerke auf zwei Bauk\u00f6rper aufgeteilt. Der Spieltisch ist zentral auf der Empore zwischen den Manualwerken platziert. Das Pedalwerk steht in der Emporennische hinter dem Spieler. Beide Manualwerke sind durch einen Trakturschacht verbunden. Die Ventile der einzelnen T\u00f6ne werden rein mechanisch ge\u00f6ffnet.<\/p><p>Die Lunge der Orgel ist ein gro\u00dfer Doppelfaltenbalg zwischen den Pfeifen des Pedalwerks. Weitere B\u00e4lge f\u00fcr die Manualwerke sind im Zwischenboden der Empore eingebaut.<\/p><p class=\"noBottom\">Beide Manuale bilden eine gleichwertige Disposition. Die Geh\u00e4useteile sind bewusst geschlossen ausgef\u00fchrt. Dadurch kann die Orgel ohne akustische Hilfe des Kirchenraums als Gesamtinstrument wirken. Die Klangsprache der Werke kann man der Fr\u00fchromantik zuordnen, weiche aber dennoch pr\u00e4zise Klangfarben pr\u00e4gen das Klangbild.<\/p>\t\t\t\t\t\t\t\t<\/div>\n\t\t\t\t<div class=\"elementor-element elementor-element-ebf1965 elementor-widget-divider--view-line elementor-widget elementor-widget-divider\" data-id=\"ebf1965\" data-element_type=\"widget\" data-e-type=\"widget\" data-widget_type=\"divider.default\">\n\t\t\t\t\t\t\t<div class=\"elementor-divider\">\n\t\t\t<span class=\"elementor-divider-separator\">\n\t\t\t\t\t\t<\/span>\n\t\t<\/div>\n\t\t\t\t\t\t<\/div>\n\t\t\t\t<div class=\"elementor-element elementor-element-903213c elementor-widget elementor-widget-heading\" data-id=\"903213c\" data-element_type=\"widget\" data-e-type=\"widget\" data-widget_type=\"heading.default\">\n\t\t\t\t\t<h2 class=\"elementor-heading-title elementor-size-default\">Orgeldisposition<\/h2>\t\t\t\t<\/div>\n\t\t\t\t<div class=\"elementor-element elementor-element-8fdb0f6 elementor-widget elementor-widget-n-accordion\" data-id=\"8fdb0f6\" data-element_type=\"widget\" data-e-type=\"widget\" data-settings=\"{&quot;default_state&quot;:&quot;expanded&quot;,&quot;max_items_expended&quot;:&quot;one&quot;,&quot;n_accordion_animation_duration&quot;:{&quot;unit&quot;:&quot;ms&quot;,&quot;size&quot;:400,&quot;sizes&quot;:[]}}\" data-widget_type=\"nested-accordion.default\">\n\t\t\t\t\t\t\t<div class=\"e-n-accordion\" aria-label=\"Accordion. Open links with Enter or Space, close with Escape, and navigate with Arrow Keys\">\n\t\t\t\t\t\t<details id=\"e-n-accordion-item-1500\" class=\"e-n-accordion-item\" open>\n\t\t\t\t<summary class=\"e-n-accordion-item-title\" data-accordion-index=\"1\" tabindex=\"0\" aria-expanded=\"true\" aria-controls=\"e-n-accordion-item-1500\" >\n\t\t\t\t\t<span class='e-n-accordion-item-title-header'><div class=\"e-n-accordion-item-title-text\"> Hauptwerk <\/div><\/span>\n\t\t\t\t\t\t\t<span class='e-n-accordion-item-title-icon'>\n\t\t\t<span class='e-opened' ><svg aria-hidden=\"true\" class=\"e-font-icon-svg e-fas-minus\" viewBox=\"0 0 448 512\" xmlns=\"http:\/\/www.w3.org\/2000\/svg\"><path d=\"M416 208H32c-17.67 0-32 14.33-32 32v32c0 17.67 14.33 32 32 32h384c17.67 0 32-14.33 32-32v-32c0-17.67-14.33-32-32-32z\"><\/path><\/svg><\/span>\n\t\t\t<span class='e-closed'><svg aria-hidden=\"true\" class=\"e-font-icon-svg e-fas-plus\" viewBox=\"0 0 448 512\" xmlns=\"http:\/\/www.w3.org\/2000\/svg\"><path d=\"M416 208H272V64c0-17.67-14.33-32-32-32h-32c-17.67 0-32 14.33-32 32v144H32c-17.67 0-32 14.33-32 32v32c0 17.67 14.33 32 32 32h144v144c0 17.67 14.33 32 32 32h32c17.67 0 32-14.33 32-32V304h144c17.67 0 32-14.33 32-32v-32c0-17.67-14.33-32-32-32z\"><\/path><\/svg><\/span>\n\t\t<\/span>\n\n\t\t\t\t\t\t<\/summary>\n\t\t\t\t<div role=\"region\" aria-labelledby=\"e-n-accordion-item-1500\" class=\"elementor-element elementor-element-c508552 e-con-full e-flex wpr-particle-no wpr-jarallax-no wpr-parallax-no wpr-sticky-section-no e-con e-child\" data-id=\"c508552\" data-element_type=\"container\" data-e-type=\"container\">\n\t\t<div role=\"region\" aria-labelledby=\"e-n-accordion-item-1500\" class=\"elementor-element elementor-element-154086e e-grid e-con-full wpr-particle-no wpr-jarallax-no wpr-parallax-no wpr-sticky-section-no e-con e-child\" data-id=\"154086e\" data-element_type=\"container\" data-e-type=\"container\">\n\t\t\t\t<div class=\"elementor-element elementor-element-ede6894 elementor-widget elementor-widget-text-editor\" data-id=\"ede6894\" data-element_type=\"widget\" data-e-type=\"widget\" data-widget_type=\"text-editor.default\">\n\t\t\t\t\t\t\t\t\t<p>Prinzipal<br \/>Quintat\u00f6n<br \/>Gedackt<br \/>Oktave<br \/>Gedackfl\u00f6te<br \/>Oktave<br \/>Mixtur<\/p>\t\t\t\t\t\t\t\t<\/div>\n\t\t\t\t<div class=\"elementor-element elementor-element-c2c87de elementor-widget elementor-widget-text-editor\" data-id=\"c2c87de\" data-element_type=\"widget\" data-e-type=\"widget\" data-widget_type=\"text-editor.default\">\n\t\t\t\t\t\t\t\t\t<p>8&#8242;<br \/>8&#8242;<br \/>8&#8242;<br \/>8&#8242;<br \/>4&#8242;<br \/>2&#8242;<br \/>3-fach<\/p>\t\t\t\t\t\t\t\t<\/div>\n\t\t\t\t<\/div>\n\t\t\t\t<\/div>\n\t\t\t\t\t<\/details>\n\t\t\t\t\t\t<details id=\"e-n-accordion-item-1501\" class=\"e-n-accordion-item\" >\n\t\t\t\t<summary class=\"e-n-accordion-item-title\" data-accordion-index=\"2\" tabindex=\"-1\" aria-expanded=\"false\" aria-controls=\"e-n-accordion-item-1501\" >\n\t\t\t\t\t<span class='e-n-accordion-item-title-header'><div class=\"e-n-accordion-item-title-text\"> Positiv <\/div><\/span>\n\t\t\t\t\t\t\t<span class='e-n-accordion-item-title-icon'>\n\t\t\t<span class='e-opened' ><svg aria-hidden=\"true\" class=\"e-font-icon-svg e-fas-minus\" viewBox=\"0 0 448 512\" xmlns=\"http:\/\/www.w3.org\/2000\/svg\"><path d=\"M416 208H32c-17.67 0-32 14.33-32 32v32c0 17.67 14.33 32 32 32h384c17.67 0 32-14.33 32-32v-32c0-17.67-14.33-32-32-32z\"><\/path><\/svg><\/span>\n\t\t\t<span class='e-closed'><svg aria-hidden=\"true\" class=\"e-font-icon-svg e-fas-plus\" viewBox=\"0 0 448 512\" xmlns=\"http:\/\/www.w3.org\/2000\/svg\"><path d=\"M416 208H272V64c0-17.67-14.33-32-32-32h-32c-17.67 0-32 14.33-32 32v144H32c-17.67 0-32 14.33-32 32v32c0 17.67 14.33 32 32 32h144v144c0 17.67 14.33 32 32 32h32c17.67 0 32-14.33 32-32V304h144c17.67 0 32-14.33 32-32v-32c0-17.67-14.33-32-32-32z\"><\/path><\/svg><\/span>\n\t\t<\/span>\n\n\t\t\t\t\t\t<\/summary>\n\t\t\t\t<div role=\"region\" aria-labelledby=\"e-n-accordion-item-1501\" class=\"elementor-element elementor-element-3672f40 e-con-full e-flex wpr-particle-no wpr-jarallax-no wpr-parallax-no wpr-sticky-section-no e-con e-child\" data-id=\"3672f40\" data-element_type=\"container\" data-e-type=\"container\">\n\t\t<div role=\"region\" aria-labelledby=\"e-n-accordion-item-1501\" class=\"elementor-element elementor-element-ed54913 e-grid e-con-full wpr-particle-no wpr-jarallax-no wpr-parallax-no wpr-sticky-section-no e-con e-child\" data-id=\"ed54913\" data-element_type=\"container\" data-e-type=\"container\">\n\t\t\t\t<div class=\"elementor-element elementor-element-5236da4 elementor-widget elementor-widget-text-editor\" data-id=\"5236da4\" data-element_type=\"widget\" data-e-type=\"widget\" data-widget_type=\"text-editor.default\">\n\t\t\t\t\t\t\t\t\t<p>Holzfl\u00f6te<br \/>Viola<br \/>Fugara<br \/>Traversfl\u00f6te<br \/>Nasard<br \/>Siffl\u00f6te<br \/>Terz<\/p>\t\t\t\t\t\t\t\t<\/div>\n\t\t\t\t<div class=\"elementor-element elementor-element-92a1a9d elementor-widget elementor-widget-text-editor\" data-id=\"92a1a9d\" data-element_type=\"widget\" data-e-type=\"widget\" data-widget_type=\"text-editor.default\">\n\t\t\t\t\t\t\t\t\t<p>8&#8242;<br \/>8&#8242;<br \/>4&#8242;<br \/>4&#8242;<br \/>2 2\/3&#8242;<br \/>2&#8242;<br \/>1 3\/5&#8242;<\/p>\t\t\t\t\t\t\t\t<\/div>\n\t\t\t\t<\/div>\n\t\t\t\t<\/div>\n\t\t\t\t\t<\/details>\n\t\t\t\t\t\t<details id=\"e-n-accordion-item-1502\" class=\"e-n-accordion-item\" >\n\t\t\t\t<summary class=\"e-n-accordion-item-title\" data-accordion-index=\"3\" tabindex=\"-1\" aria-expanded=\"false\" aria-controls=\"e-n-accordion-item-1502\" >\n\t\t\t\t\t<span class='e-n-accordion-item-title-header'><div class=\"e-n-accordion-item-title-text\"> Pedal <\/div><\/span>\n\t\t\t\t\t\t\t<span class='e-n-accordion-item-title-icon'>\n\t\t\t<span class='e-opened' ><svg aria-hidden=\"true\" class=\"e-font-icon-svg e-fas-minus\" viewBox=\"0 0 448 512\" xmlns=\"http:\/\/www.w3.org\/2000\/svg\"><path d=\"M416 208H32c-17.67 0-32 14.33-32 32v32c0 17.67 14.33 32 32 32h384c17.67 0 32-14.33 32-32v-32c0-17.67-14.33-32-32-32z\"><\/path><\/svg><\/span>\n\t\t\t<span class='e-closed'><svg aria-hidden=\"true\" class=\"e-font-icon-svg e-fas-plus\" viewBox=\"0 0 448 512\" xmlns=\"http:\/\/www.w3.org\/2000\/svg\"><path d=\"M416 208H272V64c0-17.67-14.33-32-32-32h-32c-17.67 0-32 14.33-32 32v144H32c-17.67 0-32 14.33-32 32v32c0 17.67 14.33 32 32 32h144v144c0 17.67 14.33 32 32 32h32c17.67 0 32-14.33 32-32V304h144c17.67 0 32-14.33 32-32v-32c0-17.67-14.33-32-32-32z\"><\/path><\/svg><\/span>\n\t\t<\/span>\n\n\t\t\t\t\t\t<\/summary>\n\t\t\t\t<div role=\"region\" aria-labelledby=\"e-n-accordion-item-1502\" class=\"elementor-element elementor-element-93e155b e-con-full e-flex wpr-particle-no wpr-jarallax-no wpr-parallax-no wpr-sticky-section-no e-con e-child\" data-id=\"93e155b\" data-element_type=\"container\" data-e-type=\"container\">\n\t\t<div role=\"region\" aria-labelledby=\"e-n-accordion-item-1502\" class=\"elementor-element elementor-element-77c71fd e-grid e-con-full wpr-particle-no wpr-jarallax-no wpr-parallax-no wpr-sticky-section-no e-con e-child\" data-id=\"77c71fd\" data-element_type=\"container\" data-e-type=\"container\">\n\t\t\t\t<div class=\"elementor-element elementor-element-1d5562b elementor-widget elementor-widget-text-editor\" data-id=\"1d5562b\" data-element_type=\"widget\" data-e-type=\"widget\" data-widget_type=\"text-editor.default\">\n\t\t\t\t\t\t\t\t\t<p>Subbass<br \/>Oktavbass<br \/>Cello<\/p>\t\t\t\t\t\t\t\t<\/div>\n\t\t\t\t<div class=\"elementor-element elementor-element-77d421d elementor-widget elementor-widget-text-editor\" data-id=\"77d421d\" data-element_type=\"widget\" data-e-type=\"widget\" data-widget_type=\"text-editor.default\">\n\t\t\t\t\t\t\t\t\t<p>16&#8242;<br \/>8&#8242;<br \/>8&#8242;<\/p>\t\t\t\t\t\t\t\t<\/div>\n\t\t\t\t<\/div>\n\t\t\t\t<\/div>\n\t\t\t\t\t<\/details>\n\t\t\t\t\t<\/div>\n\t\t\t\t\t\t<\/div>\n\t\t\t\t<div class=\"elementor-element elementor-element-ab63df0 elementor-widget-divider--view-line elementor-widget elementor-widget-divider\" data-id=\"ab63df0\" data-element_type=\"widget\" data-e-type=\"widget\" data-widget_type=\"divider.default\">\n\t\t\t\t\t\t\t<div class=\"elementor-divider\">\n\t\t\t<span class=\"elementor-divider-separator\">\n\t\t\t\t\t\t<\/span>\n\t\t<\/div>\n\t\t\t\t\t\t<\/div>\n\t\t\t\t<div class=\"elementor-element elementor-element-79d183e elementor-widget elementor-widget-heading\" data-id=\"79d183e\" data-element_type=\"widget\" data-e-type=\"widget\" data-widget_type=\"heading.default\">\n\t\t\t\t\t<h2 class=\"elementor-heading-title elementor-size-default\">Bau der heutigen Orgel<\/h2>\t\t\t\t<\/div>\n\t\t\t\t<div class=\"elementor-element elementor-element-975c077 elementor-widget elementor-widget-html\" data-id=\"975c077\" data-element_type=\"widget\" data-e-type=\"widget\" data-widget_type=\"html.default\">\n\t\t\t\t\t<iframe width=\"560\" height=\"600\" src=\"https:\/\/www.youtube-nocookie.com\/embed\/DTILtgSRYpc?si=IaoUg-0kPrcZl_TZ\" title=\"YouTube video player\" frameborder=\"0\" allow=\"accelerometer; autoplay; clipboard-write; encrypted-media; gyroscope; picture-in-picture; web-share\" referrerpolicy=\"strict-origin-when-cross-origin\" allowfullscreen><\/iframe>\t\t\t\t<\/div>\n\t\t\t\t<div class=\"elementor-element elementor-element-a91796e elementor-widget elementor-widget-text-editor\" data-id=\"a91796e\" data-element_type=\"widget\" data-e-type=\"widget\" data-widget_type=\"text-editor.default\">\n\t\t\t\t\t\t\t\t\t<p>Der Film zum Bau der neuen Orgel wurde 2005 von der Firma Lenter gedreht und zeigt die Planung und den werkseitigen Bau der Orgel sowie den Einbau, unterst\u00fctzt durch Gemeindemitglieder und die im Hintergrund verlaufenden Umbauma\u00dfnahmen in der Kirche.<\/p>\t\t\t\t\t\t\t\t<\/div>\n\t\t\t\t\t<\/div>\n\t\t\t\t<\/div>\n\t\t\t\t<\/div>\n\t\t","protected":false},"excerpt":{"rendered":"<p>Die Orgel Im Zuge der Kirchenrenovierung (neue Heizung zur Wandtemperierung, Umgestaltungen im Kirchenraum, Abschluss im Jahr 2005) erfolgte auch der Einbau einer neuen Orgel. Die Orgel stammt aus der w\u00fcrttembergischen Orgelbauwerkst\u00e4tte von Gerhard und Markus Lenter. Das Instrument wurde Weihnachten 2005 in einem Festgottesdienst geweiht. Auf Grund der vorhandenen Raumsymmetrie sind die beiden Manualwerke auf zwei Bauk\u00f6rper aufgeteilt. Der Spieltisch ist zentral auf der Empore zwischen den Manualwerken platziert. Das Pedalwerk steht in der Emporennische hinter dem Spieler. Beide Manualwerke sind durch einen Trakturschacht verbunden. Die Ventile der einzelnen T\u00f6ne werden rein mechanisch ge\u00f6ffnet. Die Lunge der Orgel ist ein gro\u00dfer Doppelfaltenbalg zwischen den Pfeifen des Pedalwerks. Weitere B\u00e4lge f\u00fcr die Manualwerke sind im Zwischenboden der Empore eingebaut. Beide Manuale bilden eine gleichwertige Disposition. Die Geh\u00e4useteile sind bewusst geschlossen ausgef\u00fchrt. Dadurch kann die Orgel ohne akustische Hilfe des Kirchenraums als Gesamtinstrument wirken. Die Klangsprache der Werke kann man der Fr\u00fchromantik zuordnen, weiche aber dennoch pr\u00e4zise Klangfarben pr\u00e4gen das Klangbild. Orgeldisposition Hauptwerk PrinzipalQuintat\u00f6nGedacktOktaveGedackfl\u00f6teOktaveMixtur 8&#8242;8&#8242;8&#8242;8&#8242;4&#8242;2&#8242;3-fach Positiv Holzfl\u00f6teViolaFugaraTraversfl\u00f6teNasardSiffl\u00f6teTerz 8&#8242;8&#8242;4&#8242;4&#8242;2 2\/3&#8242;2&#8242;1 3\/5&#8242; Pedal SubbassOktavbassCello 16&#8242;8&#8242;8&#8242; PrinzipalQuintat\u00f6nGedacktOktaveGedackfl\u00f6teOktaveMixtur 8&#8242;8&#8242;8&#8242;8&#8242;4&#8242;2&#8242;3-fach Holzfl\u00f6teViolaFugaraTraversfl\u00f6teNasardSiffl\u00f6teTerz 8&#8242;8&#8242;4&#8242;4&#8242;2 2\/3&#8242;2&#8242;1 3\/5&#8242; SubbassOktavbassCello 16&#8242;8&#8242;8&#8242; Bau der heutigen Orgel Der Film zum Bau der neuen Orgel wurde 2005 von der Firma Lenter gedreht und zeigt die Planung und den werkseitigen Bau der Orgel sowie den Einbau, unterst\u00fctzt durch Gemeindemitglieder und die im Hintergrund verlaufenden Umbauma\u00dfnahmen in der Kirche.<\/p>\n","protected":false},"author":1,"featured_media":0,"parent":1814,"menu_order":0,"comment_status":"closed","ping_status":"closed","template":"elementor_header_footer","meta":{"footnotes":""},"class_list":["post-1862","page","type-page","status-publish","hentry"],"blocksy_meta":[],"_links":{"self":[{"href":"https:\/\/christuskirche-gauting.de\/unsere-kirche\/wp-json\/wp\/v2\/pages\/1862","targetHints":{"allow":["GET"]}}],"collection":[{"href":"https:\/\/christuskirche-gauting.de\/unsere-kirche\/wp-json\/wp\/v2\/pages"}],"about":[{"href":"https:\/\/christuskirche-gauting.de\/unsere-kirche\/wp-json\/wp\/v2\/types\/page"}],"author":[{"embeddable":true,"href":"https:\/\/christuskirche-gauting.de\/unsere-kirche\/wp-json\/wp\/v2\/users\/1"}],"replies":[{"embeddable":true,"href":"https:\/\/christuskirche-gauting.de\/unsere-kirche\/wp-json\/wp\/v2\/comments?post=1862"}],"version-history":[{"count":7,"href":"https:\/\/christuskirche-gauting.de\/unsere-kirche\/wp-json\/wp\/v2\/pages\/1862\/revisions"}],"predecessor-version":[{"id":1871,"href":"https:\/\/christuskirche-gauting.de\/unsere-kirche\/wp-json\/wp\/v2\/pages\/1862\/revisions\/1871"}],"up":[{"embeddable":true,"href":"https:\/\/christuskirche-gauting.de\/unsere-kirche\/wp-json\/wp\/v2\/pages\/1814"}],"wp:attachment":[{"href":"https:\/\/christuskirche-gauting.de\/unsere-kirche\/wp-json\/wp\/v2\/media?parent=1862"}],"curies":[{"name":"wp","href":"https:\/\/api.w.org\/{rel}","templated":true}]}}